{"id":5,"date":"2021-12-07T17:47:50","date_gmt":"2021-12-07T17:47:50","guid":{"rendered":"http:\/\/alucinaprojects.com\/aladdin\/?page_id=5"},"modified":"2022-04-25T17:18:00","modified_gmt":"2022-04-25T22:18:00","slug":"home","status":"publish","type":"page","link":"https:\/\/alucinaprojects.com\/aladdin\/","title":{"rendered":"Home"},"content":{"rendered":"\n<h1 id=\"el-deslumbrante-exito-de-broadway\">El deslumbrante<br> \u00e9xito de Broadway<\/h1>\n\n\n\n<p>Directamente desde Broadway, llega a M\u00e9xico, Aladd\u00edn; uno de los musicales m\u00e1s deslumbrantes, exitosos y aclamados de forma internacional. Inspirado en la inigualable pel\u00edcula de 1992, el musical Aladd\u00edn cuenta con inolvidables canciones, como &#8220;Un mundo ideal&#8221;, incre\u00edbles efectos especiales y un vestuario espectacular, nunca antes visto en M\u00e9xico. Con m\u00e1s de 30 actores en escena y orquesta en vivo, Aladd\u00edn llevar\u00e1 a todos los asistentes por un viaje \u00fanico a trav\u00e9s de una historia de amor y amistad, que celebran la magia y la fantas\u00eda. Aladd\u00edn, el deslumbrante \u00e9xito de Broadway, lo puedes vivir en M\u00e9xico en el Teatro Telcel de mi\u00e9rcoles a domingo.<\/p>\n","protected":false},"excerpt":{"rendered":"<p>El deslumbrante \u00e9xito de Broadway Directamente desde Broadway, llega a M\u00e9xico, Aladd\u00edn; uno de los musicales m\u00e1s deslumbrantes, exitosos y aclamados de forma internacional. Inspirado en la inigualable pel\u00edcula de 1992, el musical Aladd\u00edn cuenta con inolvidables canciones, como &#8220;Un mundo ideal&#8221;, incre\u00edbles efectos especiales y un vestuario espectacular, nunca antes visto en M\u00e9xico. Con [&hellip;]<\/p>\n","protected":false},"author":1,"featured_media":85,"parent":0,"menu_order":0,"comment_status":"closed","ping_status":"closed","template":"temp_home_v2.php","meta":[],"_links":{"self":[{"href":"https:\/\/alucinaprojects.com\/aladdin\/wp-json\/wp\/v2\/pages\/5"}],"collection":[{"href":"https:\/\/alucinaprojects.com\/aladdin\/wp-json\/wp\/v2\/pages"}],"about":[{"href":"https:\/\/alucinaprojects.com\/aladdin\/wp-json\/wp\/v2\/types\/page"}],"author":[{"embeddable":true,"href":"https:\/\/alucinaprojects.com\/aladdin\/wp-json\/wp\/v2\/users\/1"}],"replies":[{"embeddable":true,"href":"https:\/\/alucinaprojects.com\/aladdin\/wp-json\/wp\/v2\/comments?post=5"}],"version-history":[{"count":8,"href":"https:\/\/alucinaprojects.com\/aladdin\/wp-json\/wp\/v2\/pages\/5\/revisions"}],"predecessor-version":[{"id":377,"href":"https:\/\/alucinaprojects.com\/aladdin\/wp-json\/wp\/v2\/pages\/5\/revisions\/377"}],"wp:featuredmedia":[{"embeddable":true,"href":"https:\/\/alucinaprojects.com\/aladdin\/wp-json\/wp\/v2\/media\/85"}],"wp:attachment":[{"href":"https:\/\/alucinaprojects.com\/aladdin\/wp-json\/wp\/v2\/media?parent=5"}],"curies":[{"name":"wp","href":"https:\/\/api.w.org\/{rel}","templated":true}]}}