{"id":496,"date":"2022-07-27T12:05:57","date_gmt":"2022-07-27T17:05:57","guid":{"rendered":"http:\/\/alucinaprojects.com\/aladdin\/?page_id=496"},"modified":"2022-07-29T10:19:18","modified_gmt":"2022-07-29T15:19:18","slug":"audiciones","status":"publish","type":"page","link":"https:\/\/alucinaprojects.com\/aladdin\/audiciones\/","title":{"rendered":"Audiciones"},"content":{"rendered":"\n<figure class=\"wp-block-image size-large\"><img decoding=\"async\" loading=\"lazy\" width=\"1024\" height=\"9\" src=\"http:\/\/alucinaprojects.com\/aladdin\/wp-content\/uploads\/2022\/07\/calendar_ornament-1024x9.png\" alt=\"\" class=\"wp-image-501\" srcset=\"https:\/\/alucinaprojects.com\/aladdin\/wp-content\/uploads\/2022\/07\/calendar_ornament-1024x9.png 1024w, https:\/\/alucinaprojects.com\/aladdin\/wp-content\/uploads\/2022\/07\/calendar_ornament-300x3.png 300w, https:\/\/alucinaprojects.com\/aladdin\/wp-content\/uploads\/2022\/07\/calendar_ornament-768x7.png 768w, https:\/\/alucinaprojects.com\/aladdin\/wp-content\/uploads\/2022\/07\/calendar_ornament.png 1141w\" sizes=\"(max-width: 1024px) 100vw, 1024px\" \/><\/figure>\n\n\n\n<div style=\"height:30px\" aria-hidden=\"true\" class=\"wp-block-spacer\"><\/div>\n\n\n\n<p>\u00a1Se parte de esta gran producci\u00f3n de <strong>OCESA Teatro<\/strong>! Te invitamos a formar parte de ese viaje \u00fanico y m\u00e1gico; a trav\u00e9s de una increible historia de amor, valent\u00eda y gran amistad. Participa en las audiciones permanentes llenando el siguiente formulario dando clic en el siguiente bot\u00f3n:<\/p>\n\n\n\n<div class=\"audiciones_btn\">\n<a href=\"https:\/\/bit.ly\/AudicionesAladdinMx\" target=\"_blank\" rel=\"noopener\">\n<div>Formulario<br>de audiciones<\/div>\n<div class=\"arrow\">\n\t<i class=\"fa fa-chevron-right\"><\/i>\n<\/div>\n<\/a>\n<\/div>\n\n<style>\n.audiciones_btn {\n    position: relative;\n    text-transform: uppercase;\n    font-size: 18px;\n    width: 60%;\n    margin: 0 auto;\n    padding: 40px 20px;\n    text-align: center;\n    border: 2px solid #f7cb09;\n    border-radius: 10px;\n    margin-bottom: 10px;\n    cursor: pointer;\n    overflow: hidden;\n    font-family: 'Gotham', sans-serif;\n    transition: transform 800ms cubic-bezier(0.770, 0.000, 0.175, 1.000);\n    transition-timing-function: cubic-bezier(0.770, 0.000, 0.175, 1.000);\n}\n.audiciones_btn a{\n\tdisplay: flex;\n    justify-content: center;\n    align-items: center;\n    color: #fff;\n    text-decoration: none;\n}\n\n.audiciones_btn div{\n\tpadding: 0 15px;\n}\n@media(max-width:600px){\n\t.audiciones_btn {\n\t\twidth: 90%;\n    }\n}\n<\/style>\n\n\n\n<div style=\"height:30px\" aria-hidden=\"true\" class=\"wp-block-spacer\"><\/div>\n\n\n\n<figure class=\"wp-block-image size-large\"><img decoding=\"async\" loading=\"lazy\" width=\"1024\" height=\"9\" src=\"http:\/\/alucinaprojects.com\/aladdin\/wp-content\/uploads\/2022\/07\/calendar_ornament-1024x9.png\" alt=\"\" class=\"wp-image-501\" srcset=\"https:\/\/alucinaprojects.com\/aladdin\/wp-content\/uploads\/2022\/07\/calendar_ornament-1024x9.png 1024w, https:\/\/alucinaprojects.com\/aladdin\/wp-content\/uploads\/2022\/07\/calendar_ornament-300x3.png 300w, https:\/\/alucinaprojects.com\/aladdin\/wp-content\/uploads\/2022\/07\/calendar_ornament-768x7.png 768w, https:\/\/alucinaprojects.com\/aladdin\/wp-content\/uploads\/2022\/07\/calendar_ornament.png 1141w\" sizes=\"(max-width: 1024px) 100vw, 1024px\" \/><\/figure>\n","protected":false},"excerpt":{"rendered":"<p>\u00a1Se parte de esta gran producci\u00f3n de OCESA Teatro! Te invitamos a formar parte de ese viaje \u00fanico y m\u00e1gico; a trav\u00e9s de una increible historia de amor, valent\u00eda y gran amistad. Participa en las audiciones permanentes llenando el siguiente formulario dando clic en el siguiente bot\u00f3n: Formulariode audiciones<\/p>\n","protected":false},"author":1,"featured_media":499,"parent":0,"menu_order":0,"comment_status":"closed","ping_status":"closed","template":"temp_content.php","meta":[],"_links":{"self":[{"href":"https:\/\/alucinaprojects.com\/aladdin\/wp-json\/wp\/v2\/pages\/496"}],"collection":[{"href":"https:\/\/alucinaprojects.com\/aladdin\/wp-json\/wp\/v2\/pages"}],"about":[{"href":"https:\/\/alucinaprojects.com\/aladdin\/wp-json\/wp\/v2\/types\/page"}],"author":[{"embeddable":true,"href":"https:\/\/alucinaprojects.com\/aladdin\/wp-json\/wp\/v2\/users\/1"}],"replies":[{"embeddable":true,"href":"https:\/\/alucinaprojects.com\/aladdin\/wp-json\/wp\/v2\/comments?post=496"}],"version-history":[{"count":17,"href":"https:\/\/alucinaprojects.com\/aladdin\/wp-json\/wp\/v2\/pages\/496\/revisions"}],"predecessor-version":[{"id":522,"href":"https:\/\/alucinaprojects.com\/aladdin\/wp-json\/wp\/v2\/pages\/496\/revisions\/522"}],"wp:featuredmedia":[{"embeddable":true,"href":"https:\/\/alucinaprojects.com\/aladdin\/wp-json\/wp\/v2\/media\/499"}],"wp:attachment":[{"href":"https:\/\/alucinaprojects.com\/aladdin\/wp-json\/wp\/v2\/media?parent=496"}],"curies":[{"name":"wp","href":"https:\/\/api.w.org\/{rel}","templated":true}]}}