{"id":152,"date":"2022-02-13T12:26:50","date_gmt":"2022-02-13T18:26:50","guid":{"rendered":"http:\/\/alucinaprojects.com\/aladdin\/?page_id=152"},"modified":"2022-02-24T10:19:44","modified_gmt":"2022-02-24T16:19:44","slug":"el-musical","status":"publish","type":"page","link":"https:\/\/alucinaprojects.com\/aladdin\/el-musical\/","title":{"rendered":"El musical"},"content":{"rendered":"\n<p>Aladd\u00edn,&nbsp;el deslumbrante \u00e9xito de Broadway, est\u00e1 basado en la pel\u00edcula animada ganadora del Premio de la Academia\u00ae, y se encuentra ahora en su sexto a\u00f1o de \u00e9xito en Broadway en el New Amsterdam Theatre.<br>Se estren\u00f3 con gran \u00e9xito de cr\u00edtica, el 20 de marzo de 2014 y r\u00e1pidamente se coloc\u00f3 como uno de los mayores \u00e9xitos de taquilla de los \u00faltimos a\u00f1os, rompiendo 14 r\u00e9cords del New Amsterdam Theatre. <\/p>\n\n\n\n<p>A partir de 2016 se realizaron las producciones de Londres, Tokio y Hamburgo.<\/p>\n\n\n\n<p>Aladd\u00edn&nbsp;tambi\u00e9n fue&nbsp;adaptada de legendarios&nbsp;cuentos populares, incluyendo&nbsp;Las mil y una noches, y ahora es llevado al teatro en este nuevo y audaz musical. El viaje de&nbsp;Aladd\u00edn&nbsp;sumerge al p\u00fablico en un mundo ex\u00f3tico de aventuras atrevidas, comedia cl\u00e1sica y un romance atemporal. Esta nueva producci\u00f3n cuenta con las cinco canciones m\u00e1s apreciadas de la banda sonora ganadora del Premio de la Academia\u00ae y otras m\u00e1s, escritas especialmente para esta producci\u00f3n.<\/p>\n\n\n\n<p>Esta puesta en escena cuenta con una historia extendida, canciones in\u00e9ditas, brillante vestuario y una escenograf\u00eda de inspiraci\u00f3n \u00e1rabe, que llevar\u00e1 a todos los asistentes a un viaje \u00fanico a trav\u00e9s de una incre\u00edble historia de amor, pero sobre todo de valent\u00eda y amistad celebrando la magia y la fantas\u00eda.<\/p>\n","protected":false},"excerpt":{"rendered":"<p>Aladd\u00edn,&nbsp;el deslumbrante \u00e9xito de Broadway, est\u00e1 basado en la pel\u00edcula animada ganadora del Premio de la Academia\u00ae, y se encuentra ahora en su sexto a\u00f1o de \u00e9xito en Broadway en el New Amsterdam Theatre.Se estren\u00f3 con gran \u00e9xito de cr\u00edtica, el 20 de marzo de 2014 y r\u00e1pidamente se coloc\u00f3 como uno de los mayores [&hellip;]<\/p>\n","protected":false},"author":1,"featured_media":154,"parent":0,"menu_order":0,"comment_status":"closed","ping_status":"closed","template":"temp_musical.php","meta":[],"_links":{"self":[{"href":"https:\/\/alucinaprojects.com\/aladdin\/wp-json\/wp\/v2\/pages\/152"}],"collection":[{"href":"https:\/\/alucinaprojects.com\/aladdin\/wp-json\/wp\/v2\/pages"}],"about":[{"href":"https:\/\/alucinaprojects.com\/aladdin\/wp-json\/wp\/v2\/types\/page"}],"author":[{"embeddable":true,"href":"https:\/\/alucinaprojects.com\/aladdin\/wp-json\/wp\/v2\/users\/1"}],"replies":[{"embeddable":true,"href":"https:\/\/alucinaprojects.com\/aladdin\/wp-json\/wp\/v2\/comments?post=152"}],"version-history":[{"count":3,"href":"https:\/\/alucinaprojects.com\/aladdin\/wp-json\/wp\/v2\/pages\/152\/revisions"}],"predecessor-version":[{"id":250,"href":"https:\/\/alucinaprojects.com\/aladdin\/wp-json\/wp\/v2\/pages\/152\/revisions\/250"}],"wp:featuredmedia":[{"embeddable":true,"href":"https:\/\/alucinaprojects.com\/aladdin\/wp-json\/wp\/v2\/media\/154"}],"wp:attachment":[{"href":"https:\/\/alucinaprojects.com\/aladdin\/wp-json\/wp\/v2\/media?parent=152"}],"curies":[{"name":"wp","href":"https:\/\/api.w.org\/{rel}","templated":true}]}}